{"id":29,"date":"2023-10-06T14:03:58","date_gmt":"2023-10-06T13:03:58","guid":{"rendered":"http:\/\/maricelenmoto.com\/?page_id=29"},"modified":"2023-10-06T14:03:48","modified_gmt":"2023-10-06T13:03:48","slug":"about","status":"publish","type":"page","link":"http:\/\/maricelenmoto.com\/fr\/","title":{"rendered":"About"},"content":{"rendered":"<\/p>\r\n<p><a href=\"http:\/\/maricelenmoto.com\/wp-content\/uploads\/2018\/12\/About-mosaique2.jpg\"><img decoding=\"async\" loading=\"lazy\" class=\"aligncenter size-full wp-image-12\" src=\"http:\/\/maricelenmoto.com\/wp-content\/uploads\/2018\/12\/About-mosaique2.jpg\" alt=\"\" width=\"800\" height=\"600\" srcset=\"http:\/\/maricelenmoto.com\/wp-content\/uploads\/2018\/12\/About-mosaique2.jpg 800w, http:\/\/maricelenmoto.com\/wp-content\/uploads\/2018\/12\/About-mosaique2-300x225.jpg 300w, http:\/\/maricelenmoto.com\/wp-content\/uploads\/2018\/12\/About-mosaique2-768x576.jpg 768w\" sizes=\"(max-width: 800px) 100vw, 800px\" \/><\/a><\/p>\r\n<p><strong>Salut c\u2019est MariCel ! <\/strong><\/p>\r\n<p>Motarde depuis 21 ans, accompagn\u00e9e de ma <strong>Suzuki SV650S<\/strong> depuis 18, j\u2019ai parcouru avec elle plus de <strong>150000km<\/strong> dans plusieurs pays d\u2019Europe. Nous avons commenc\u00e9 notre aventure quand je vivais \u00e0 <strong>Barcelone<\/strong>, et elle m\u2019a ensuite suivie jusqu\u2019\u00e0 Paris et maintenant en <strong>Irlande<\/strong> depuis 2015.<\/p>\r\n<p><strong>J\u2019aime voyager et me balader en moto<\/strong>, et <strong>faire des photos<\/strong> des beaux paysages sur la route. J\u2019aime d\u00e9couvrir de nouvelles contr\u00e9es et conna\u00eetre les gens du cru, et pour cela pas besoin d\u2019aller tr\u00e8s loin, il y a d\u00e9j\u00e0 beaucoup \u00e0 d\u00e9couvrir autour de chez nous.<\/p>\r\n<p>Depuis 20 ans mon mari Juan m\u2019accompagne dans mes balades et voyages et supporte tous les arr\u00eats photos malgr\u00e9 une moto franchement pas adapt\u00e9e \u00e0 ce genre de sport \ud83d\ude09 .<\/p>\r\n<p>Et il y a 10 ans maintenant nous sommes aussi tomb\u00e9s en amour avec les <strong>Road Races<\/strong>, o\u00f9 nous allons d\u00e8s que nous pouvons, pour profiter un max de l\u2019action, de l\u2019ambiance incroyablement amicale et bien s\u00fbr, en faisant plein de photos.<\/p>\r\n<p>En 2017, nous avons fait une petite \u00ab\u00a0pause\u00a0\u00bb motarde suite \u00e0 l&rsquo;arriv\u00e9e de notre fille et aux nuits sans sommeil qui en ont d\u00e9coul\u00e9&#8230; Mais nous sommes de retour, bien que de fa\u00e7on un peu diff\u00e9rente&#8230;<\/p>\r\n<p>Dans ce blog <strong>je partage juste mes exp\u00e9riences de voyages, balades et Road Races<\/strong>. Vous y trouverez des CR, des photos et quelques cartes. J\u2019esp\u00e8re que \u00e7a vous plaira.<\/p>\r\n<p>N\u2019h\u00e9sitez pas \u00e0 commenter et partager !<\/p>\r\n<p>Vous pouvez aussi suivre les publications sur ma page Facebook @ <a href=\"https:\/\/www.facebook.com\/MariCelenmoto\/\" target=\"_blank\" rel=\"noopener\"><strong>MariCelenmoto<\/strong><\/a>.<\/p>\r\n<p>V\u2019s<\/p>\r\n<p>&nbsp;<\/p>\r\n\r\n<p>&nbsp;<\/p>\r\n\r\n<p><\/p>\r\n<p><\/p>\r\n<p><a href=\"http:\/\/maricelenmoto.com\/wp-content\/uploads\/2018\/12\/About-mosaique2.jpg\"><img decoding=\"async\" loading=\"lazy\" class=\"aligncenter size-full wp-image-12\" src=\"http:\/\/maricelenmoto.com\/wp-content\/uploads\/2018\/12\/About-mosaique2.jpg\" alt=\"\" width=\"800\" height=\"600\" srcset=\"http:\/\/maricelenmoto.com\/wp-content\/uploads\/2018\/12\/About-mosaique2.jpg 800w, http:\/\/maricelenmoto.com\/wp-content\/uploads\/2018\/12\/About-mosaique2-300x225.jpg 300w, http:\/\/maricelenmoto.com\/wp-content\/uploads\/2018\/12\/About-mosaique2-768x576.jpg 768w\" sizes=\"(max-width: 800px) 100vw, 800px\" \/><\/a><\/p>\r\n<p><strong>Salut c\u2019est MariCel ! <\/strong><\/p>\r\n<p>Motarde depuis 17 ans, accompagn\u00e9e de ma <strong>Suzuki SV650S<\/strong> depuis 14, j\u2019ai parcouru avec elle plus de <strong>145000km<\/strong> dans plusieurs pays d\u2019Europe. Nous avons commenc\u00e9 notre aventure quand je vivais \u00e0 <strong>Barcelone<\/strong>, et elle m\u2019a ensuite suivie jusqu\u2019\u00e0 Paris et maintenant en <strong>Irlande<\/strong> depuis 2015.<\/p>\r\n<p><strong>J\u2019aime voyager et me balader en moto<\/strong>, et <strong>faire des photos<\/strong> des beaux paysages sur la route. J\u2019aime d\u00e9couvrir de nouvelles contr\u00e9es et conna\u00eetre les gens du cru, et pour cela pas besoin d\u2019aller tr\u00e8s loin, il y a d\u00e9j\u00e0 beaucoup \u00e0 d\u00e9couvrir autour de chez nous.<\/p>\r\n<p>Depuis 15 ans mon mari Juan m\u2019accompagne dans mes balades et voyages et supporte tous les arr\u00eats photos malgr\u00e9 une moto franchement pas adapt\u00e9e \u00e0 ce genre de sport \ud83d\ude09 .<\/p>\r\n<p>Et il y a 6 ans maintenant nous sommes aussi tomb\u00e9s en amour avec les <strong>Road Races<\/strong>, o\u00f9 nous allons d\u00e8s que nous pouvons, pour profiter un max de l\u2019action, de l\u2019ambiance incroyablement amicale et bien s\u00fbr, en faisant plein de photos.<\/p>\r\n<p>En 2017, nous avons fait une petite \u00ab\u00a0pause\u00a0\u00bb motarde suite \u00e0 l&rsquo;arriv\u00e9e de notre fille et aux nuits sans sommeil qui en ont d\u00e9coul\u00e9&#8230; Mais nous sommes de retour, bien que de fa\u00e7on un peu diff\u00e9rente&#8230;<\/p>\r\n<p>Dans ce blog <strong>je partage juste mes exp\u00e9riences de voyages, balades et Road Races<\/strong>. Vous y trouverez des CR, des photos et quelques cartes. J\u2019esp\u00e8re que \u00e7a vous plaira.<\/p>\r\n<p>N\u2019h\u00e9sitez pas \u00e0 commenter et partager !<\/p>\r\n<p>Vous pouvez aussi suivre les publications sur ma page Facebook @ <a href=\"https:\/\/www.facebook.com\/MariCelenmoto\/\" target=\"_blank\" rel=\"noopener\"><strong>MariCelenmoto<\/strong><\/a>.<\/p>\r\n<p>V\u2019s<\/p>\r\n<p>&nbsp;<\/p>\r\n\r\n<p>&nbsp;<\/p>\r\n\r\n<p><\/p><\/p>\r\n<p><a href=\"http:\/\/maricelenmoto.com\/wp-content\/uploads\/2018\/12\/About-mosaique2.jpg\"><img decoding=\"async\" loading=\"lazy\" class=\"aligncenter size-full wp-image-12\" src=\"http:\/\/maricelenmoto.com\/wp-content\/uploads\/2018\/12\/About-mosaique2.jpg\" alt=\"\" width=\"800\" height=\"600\" srcset=\"http:\/\/maricelenmoto.com\/wp-content\/uploads\/2018\/12\/About-mosaique2.jpg 800w, http:\/\/maricelenmoto.com\/wp-content\/uploads\/2018\/12\/About-mosaique2-300x225.jpg 300w, http:\/\/maricelenmoto.com\/wp-content\/uploads\/2018\/12\/About-mosaique2-768x576.jpg 768w\" sizes=\"(max-width: 800px) 100vw, 800px\" \/><\/a><\/p>\r\n<p><strong>Salut c\u2019est MariCel ! <\/strong><\/p>\r\n<p>Motarde depuis 21 ans, accompagn\u00e9e de ma <strong>Suzuki SV650S<\/strong> depuis 18, j\u2019ai parcouru avec elle plus de <strong>150000km<\/strong> dans plusieurs pays d\u2019Europe. Nous avons commenc\u00e9 notre aventure quand je vivais \u00e0 <strong>Barcelone<\/strong>, et elle m\u2019a ensuite suivie jusqu\u2019\u00e0 Paris et maintenant en <strong>Irlande<\/strong> depuis 2015.<\/p>\r\n<p><strong>J\u2019aime voyager et me balader en moto<\/strong>, et <strong>faire des photos<\/strong> des beaux paysages sur la route. J\u2019aime d\u00e9couvrir de nouvelles contr\u00e9es et conna\u00eetre les gens du cru, et pour cela pas besoin d\u2019aller tr\u00e8s loin, il y a d\u00e9j\u00e0 beaucoup \u00e0 d\u00e9couvrir autour de chez nous.<\/p>\r\n<p>Depuis 20 ans mon mari Juan m\u2019accompagne dans mes balades et voyages et supporte tous les arr\u00eats photos malgr\u00e9 une moto franchement pas adapt\u00e9e \u00e0 ce genre de sport \ud83d\ude09 .<\/p>\r\n<p>Et il y a 10 ans maintenant nous sommes aussi tomb\u00e9s en amour avec les <strong>Road Races<\/strong>, o\u00f9 nous allons d\u00e8s que nous pouvons, pour profiter un max de l\u2019action, de l\u2019ambiance incroyablement amicale et bien s\u00fbr, en faisant plein de photos.<\/p>\r\n<p>En 2017, nous avons fait une petite \u00ab\u00a0pause\u00a0\u00bb motarde suite \u00e0 l&rsquo;arriv\u00e9e de notre fille et aux nuits sans sommeil qui en ont d\u00e9coul\u00e9&#8230; Mais nous sommes de retour, bien que de fa\u00e7on un peu diff\u00e9rente&#8230;<\/p>\r\n<p>Dans ce blog <strong>je partage juste mes exp\u00e9riences de voyages, balades et Road Races<\/strong>. Vous y trouverez des CR, des photos et quelques cartes. J\u2019esp\u00e8re que \u00e7a vous plaira.<\/p>\r\n<p>N\u2019h\u00e9sitez pas \u00e0 commenter et partager !<\/p>\r\n<p>Vous pouvez aussi suivre les publications sur ma page Facebook @ <a href=\"https:\/\/www.facebook.com\/MariCelenmoto\/\" target=\"_blank\" rel=\"noopener\"><strong>MariCelenmoto<\/strong><\/a>.<\/p>\r\n<p>V\u2019s<\/p>\r\n<p>&nbsp;<\/p>\r\n\r\n<p>&nbsp;<\/p>\r\n\r\n<p><\/p><p><a href=\"http:\/\/maricelenmoto.com\/wp-content\/uploads\/2018\/12\/About-mosaique2.jpg\"><img decoding=\"async\" loading=\"lazy\" class=\"aligncenter size-full wp-image-12\" src=\"http:\/\/maricelenmoto.com\/wp-content\/uploads\/2018\/12\/About-mosaique2.jpg\" alt=\"\" width=\"800\" height=\"600\" srcset=\"http:\/\/maricelenmoto.com\/wp-content\/uploads\/2018\/12\/About-mosaique2.jpg 800w, http:\/\/maricelenmoto.com\/wp-content\/uploads\/2018\/12\/About-mosaique2-300x225.jpg 300w, http:\/\/maricelenmoto.com\/wp-content\/uploads\/2018\/12\/About-mosaique2-768x576.jpg 768w\" sizes=\"(max-width: 800px) 100vw, 800px\" \/><\/a><\/p>\r\n<p><strong>Salut c\u2019est MariCel ! <\/strong><\/p>\r\n<p>Motarde depuis 17 ans, accompagn\u00e9e de ma <strong>Suzuki SV650S<\/strong> depuis 14, j\u2019ai parcouru avec elle plus de <strong>145000km<\/strong> dans plusieurs pays d\u2019Europe. Nous avons commenc\u00e9 notre aventure quand je vivais \u00e0 <strong>Barcelone<\/strong>, et elle m\u2019a ensuite suivie jusqu\u2019\u00e0 Paris et maintenant en <strong>Irlande<\/strong> depuis 2015.<\/p>\r\n<p><strong>J\u2019aime voyager et me balader en moto<\/strong>, et <strong>faire des photos<\/strong> des beaux paysages sur la route. J\u2019aime d\u00e9couvrir de nouvelles contr\u00e9es et conna\u00eetre les gens du cru, et pour cela pas besoin d\u2019aller tr\u00e8s loin, il y a d\u00e9j\u00e0 beaucoup \u00e0 d\u00e9couvrir autour de chez nous.<\/p>\r\n<p>Depuis 15 ans mon mari Juan m\u2019accompagne dans mes balades et voyages et supporte tous les arr\u00eats photos malgr\u00e9 une moto franchement pas adapt\u00e9e \u00e0 ce genre de sport \ud83d\ude09 .<\/p>\r\n<p>Et il y a 6 ans maintenant nous sommes aussi tomb\u00e9s en amour avec les <strong>Road Races<\/strong>, o\u00f9 nous allons d\u00e8s que nous pouvons, pour profiter un max de l\u2019action, de l\u2019ambiance incroyablement amicale et bien s\u00fbr, en faisant plein de photos.<\/p>\r\n<p>En 2017, nous avons fait une petite \u00ab\u00a0pause\u00a0\u00bb motarde suite \u00e0 l&rsquo;arriv\u00e9e de notre fille et aux nuits sans sommeil qui en ont d\u00e9coul\u00e9&#8230; Mais nous sommes de retour, bien que de fa\u00e7on un peu diff\u00e9rente&#8230;<\/p>\r\n<p>Dans ce blog <strong>je partage juste mes exp\u00e9riences de voyages, balades et Road Races<\/strong>. Vous y trouverez des CR, des photos et quelques cartes. J\u2019esp\u00e8re que \u00e7a vous plaira.<\/p>\r\n<p>N\u2019h\u00e9sitez pas \u00e0 commenter et partager !<\/p>\r\n<p>Vous pouvez aussi suivre les publications sur ma page Facebook @ <a href=\"https:\/\/www.facebook.com\/MariCelenmoto\/\" target=\"_blank\" rel=\"noopener\"><strong>MariCelenmoto<\/strong><\/a>.<\/p>\r\n<p>V\u2019s<\/p>\r\n<p>&nbsp;<\/p>\r\n\r\n<p>&nbsp;<\/p>","protected":false},"excerpt":{"rendered":"<p>Salut c\u2019est MariCel ! Motarde depuis 21 ans, accompagn\u00e9e de ma Suzuki SV650S depuis 18,&#8230;<\/p>\n","protected":false},"author":1,"featured_media":0,"parent":0,"menu_order":0,"comment_status":"closed","ping_status":"closed","template":"","meta":{"sfsi_plus_gutenberg_text_before_share":"","sfsi_plus_gutenberg_show_text_before_share":"","sfsi_plus_gutenberg_icon_type":"","sfsi_plus_gutenberg_icon_alignemt":"","sfsi_plus_gutenburg_max_per_row":""},"_links":{"self":[{"href":"http:\/\/maricelenmoto.com\/fr\/wp-json\/wp\/v2\/pages\/29"}],"collection":[{"href":"http:\/\/maricelenmoto.com\/fr\/wp-json\/wp\/v2\/pages"}],"about":[{"href":"http:\/\/maricelenmoto.com\/fr\/wp-json\/wp\/v2\/types\/page"}],"author":[{"embeddable":true,"href":"http:\/\/maricelenmoto.com\/fr\/wp-json\/wp\/v2\/users\/1"}],"replies":[{"embeddable":true,"href":"http:\/\/maricelenmoto.com\/fr\/wp-json\/wp\/v2\/comments?post=29"}],"version-history":[{"count":15,"href":"http:\/\/maricelenmoto.com\/fr\/wp-json\/wp\/v2\/pages\/29\/revisions"}],"predecessor-version":[{"id":1885,"href":"http:\/\/maricelenmoto.com\/fr\/wp-json\/wp\/v2\/pages\/29\/revisions\/1885"}],"wp:attachment":[{"href":"http:\/\/maricelenmoto.com\/fr\/wp-json\/wp\/v2\/media?parent=29"}],"curies":[{"name":"wp","href":"https:\/\/api.w.org\/{rel}","templated":true}]}}